{"id":319,"date":"2021-03-03T18:35:57","date_gmt":"2021-03-03T18:35:57","guid":{"rendered":"https:\/\/dakenenonderhoud.nl\/home\/"},"modified":"2023-04-26T05:48:07","modified_gmt":"2023-04-26T05:48:07","slug":"dom","status":"publish","type":"page","link":"https:\/\/dakenenonderhoud.nl\/pl\/","title":{"rendered":"Dom"},"content":{"rendered":"\n<h1 class=\"wp-block-heading has-text-align-center ml-5\">Dziwaczne, trwa\u0142e i innowacyjne rozwi\u0105zania dla ka\u017cdego dachu p\u0142askiego<\/h1>\n\n\n\n<div style=\"height:55px\" aria-hidden=\"true\" class=\"wp-block-spacer\"><\/div>\n\n\n\n<div class=\"wp-block-columns is-layout-flex wp-container-core-columns-is-layout-9d6595d7 wp-block-columns-is-layout-flex\">\n<div class=\"wp-block-column is-layout-flow wp-block-column-is-layout-flow\"><\/div>\n\n\n\n<div class=\"wp-block-column is-layout-flow wp-block-column-is-layout-flow\">\n<h2 class=\"wp-block-heading\">Sygnalizator burzowy dla dach\u00f3w p\u0142askich<\/h2>\n\n\n\n<p><\/p>\n\n\n\n<p class=\"mr-5\">Le Noble Daken &amp; Onderhoud B.V. to przewodnik i zbawienie dla dachu p\u0142askiego: trwa\u0142e, wodoodporne i izolowane dachy na domach, mieszkaniach i lokalach u\u017cytkowych.<br>Sucho i ciep\u0142o. To wszystko, czego potrzebujesz, aby dobrze \u017cy\u0107, pracowa\u0107, mieszka\u0107. A to zaczyna si\u0119 od dachu. To jest tak proste jak to.<br>Wielu bohater\u00f3w naszego dachu to m\u0142odzi ludzie z dystansem do rynku pracy. Ci bohaterowie rooftop\u00f3w dostaj\u0105 szans\u0119 na wzrost i rozw\u00f3j.<br>Lepsze \u015brodowisko, szcz\u0119\u015bliwi ludzie.<br>Razem. To charakteryzuje firm\u0119 Le Noble Daken &amp; Onderhoud B.V.<\/p>\n<\/div>\n<\/div>\n\n\n\n<div style=\"height:20px\" aria-hidden=\"true\" class=\"wp-block-spacer\"><\/div>\n\n\n\n<div class=\"wp-block-columns is-layout-flex wp-container-core-columns-is-layout-9d6595d7 wp-block-columns-is-layout-flex\">\n<div class=\"wp-block-column is-layout-flow wp-block-column-is-layout-flow\"><\/div>\n\n\n\n<div class=\"wp-block-column is-layout-flow wp-block-column-is-layout-flow\">\n<ul class=\"wp-block-list\">\n<li class=\"mr-5\"><strong>Zr\u00f3wnowa\u017cony<\/strong>: ponownie wykorzystujemy materia\u0142y<\/li>\n\n\n\n<li class=\"mr-5\"><strong>Innowacyjno\u015b\u0107<\/strong>: znajdujemy nowe sposoby, aby dachy by\u0142y solidne<\/li>\n\n\n\n<li><strong>Zorientowanie na rozwi\u0105zania<\/strong>: znajdujemy metod\u0119 na ka\u017cd\u0105 sytuacj\u0119<\/li>\n\n\n\n<li><strong>Kreatywno\u015b\u0107<\/strong>: patrzymy na wszystko z r\u00f3\u017cnych stron<\/li>\n\n\n\n<li><strong>Zaanga\u017cowani<\/strong>: ludzie s\u0105 w centrum, zar\u00f3wno klient jak i pracownik, razem!<\/li>\n\n\n\n<li><strong>Opiniotw\u00f3rczy<\/strong>: mamy odwag\u0119 wprowadza\u0107 innowacje i zmiany<\/li>\n<\/ul>\n<\/div>\n<\/div>\n","protected":false},"excerpt":{"rendered":"<p>Dziwaczne, trwa\u0142e i innowacyjne rozwi\u0105zania dla ka\u017cdego dachu p\u0142askiego Sygnalizator burzowy dla dach\u00f3w p\u0142askich Le Noble Daken &amp; Onderhoud B.V. to przewodnik i zbawienie dla dachu p\u0142askiego: trwa\u0142e, wodoodporne i izolowane dachy na domach, mieszkaniach i lokalach u\u017cytkowych.Sucho i ciep\u0142o. To wszystko, czego potrzebujesz, aby dobrze \u017cy\u0107, pracowa\u0107, mieszka\u0107. A to zaczyna si\u0119 od dachu. [&hellip;]<\/p>\n","protected":false},"author":1,"featured_media":0,"parent":0,"menu_order":0,"comment_status":"closed","ping_status":"closed","template":"page-home.php","meta":{"footnotes":""},"class_list":["post-319","page","type-page","status-publish","hentry"],"yoast_head":"<!-- This site is optimized with the Yoast SEO plugin v27.4 - https:\/\/yoast.com\/product\/yoast-seo-wordpress\/ -->\n<title>Dom - Le Noble Daken en Onderhoud B.V.<\/title>\n<meta name=\"description\" content=\"Do trwa\u0142ych wodoodpornych i izolowanych dach\u00f3w p\u0142askich na domach, mieszkaniach i lokalach u\u017cytkowych. Innowacyjne rozwi\u0105zania dla ka\u017cdego dachu p\u0142askiego.\" \/>\n<meta name=\"robots\" content=\"index, follow, max-snippet:-1, max-image-preview:large, max-video-preview:-1\" \/>\n<link rel=\"canonical\" href=\"https:\/\/dakenenonderhoud.nl\/pl\/\" \/>\n<meta property=\"og:locale\" content=\"pl_PL\" \/>\n<meta property=\"og:type\" content=\"article\" \/>\n<meta property=\"og:title\" content=\"Dom - Le Noble Daken en Onderhoud B.V.\" \/>\n<meta property=\"og:description\" content=\"Do trwa\u0142ych wodoodpornych i izolowanych dach\u00f3w p\u0142askich na domach, mieszkaniach i lokalach u\u017cytkowych. Innowacyjne rozwi\u0105zania dla ka\u017cdego dachu p\u0142askiego.\" \/>\n<meta property=\"og:url\" content=\"https:\/\/dakenenonderhoud.nl\/pl\/\" \/>\n<meta property=\"og:site_name\" content=\"Le Noble Daken en Onderhoud B.V.\" \/>\n<meta property=\"article:modified_time\" content=\"2023-04-26T05:48:07+00:00\" \/>\n<meta name=\"twitter:card\" content=\"summary_large_image\" \/>\n<meta name=\"twitter:label1\" content=\"Szacowany czas czytania\" \/>\n\t<meta name=\"twitter:data1\" content=\"1 minuta\" \/>\n<script type=\"application\/ld+json\" class=\"yoast-schema-graph\">{\"@context\":\"https:\\\/\\\/schema.org\",\"@graph\":[{\"@type\":\"WebPage\",\"@id\":\"https:\\\/\\\/dakenenonderhoud.nl\\\/pl\\\/\",\"url\":\"https:\\\/\\\/dakenenonderhoud.nl\\\/pl\\\/\",\"name\":\"Dom - Le Noble Daken en Onderhoud B.V.\",\"isPartOf\":{\"@id\":\"https:\\\/\\\/dakenenonderhoud.nl\\\/pl\\\/#website\"},\"datePublished\":\"2021-03-03T18:35:57+00:00\",\"dateModified\":\"2023-04-26T05:48:07+00:00\",\"description\":\"Do trwa\u0142ych wodoodpornych i izolowanych dach\u00f3w p\u0142askich na domach, mieszkaniach i lokalach u\u017cytkowych. Innowacyjne rozwi\u0105zania dla ka\u017cdego dachu p\u0142askiego.\",\"breadcrumb\":{\"@id\":\"https:\\\/\\\/dakenenonderhoud.nl\\\/pl\\\/#breadcrumb\"},\"inLanguage\":\"pl-PL\",\"potentialAction\":[{\"@type\":\"ReadAction\",\"target\":[\"https:\\\/\\\/dakenenonderhoud.nl\\\/pl\\\/\"]}]},{\"@type\":\"BreadcrumbList\",\"@id\":\"https:\\\/\\\/dakenenonderhoud.nl\\\/pl\\\/#breadcrumb\",\"itemListElement\":[{\"@type\":\"ListItem\",\"position\":1,\"name\":\"Home\",\"item\":\"https:\\\/\\\/dakenenonderhoud.nl\\\/pl\\\/\"},{\"@type\":\"ListItem\",\"position\":2,\"name\":\"Dom\"}]},{\"@type\":\"WebSite\",\"@id\":\"https:\\\/\\\/dakenenonderhoud.nl\\\/pl\\\/#website\",\"url\":\"https:\\\/\\\/dakenenonderhoud.nl\\\/pl\\\/\",\"name\":\"Le Noble Daken en Onderhoud B.V.\",\"description\":\"\",\"potentialAction\":[{\"@type\":\"SearchAction\",\"target\":{\"@type\":\"EntryPoint\",\"urlTemplate\":\"https:\\\/\\\/dakenenonderhoud.nl\\\/pl\\\/?s={search_term_string}\"},\"query-input\":{\"@type\":\"PropertyValueSpecification\",\"valueRequired\":true,\"valueName\":\"search_term_string\"}}],\"inLanguage\":\"pl-PL\"}]}<\/script>\n<!-- \/ Yoast SEO plugin. -->","yoast_head_json":{"title":"Dom - Le Noble Daken en Onderhoud B.V.","description":"Do trwa\u0142ych wodoodpornych i izolowanych dach\u00f3w p\u0142askich na domach, mieszkaniach i lokalach u\u017cytkowych. Innowacyjne rozwi\u0105zania dla ka\u017cdego dachu p\u0142askiego.","robots":{"index":"index","follow":"follow","max-snippet":"max-snippet:-1","max-image-preview":"max-image-preview:large","max-video-preview":"max-video-preview:-1"},"canonical":"https:\/\/dakenenonderhoud.nl\/pl\/","og_locale":"pl_PL","og_type":"article","og_title":"Dom - Le Noble Daken en Onderhoud B.V.","og_description":"Do trwa\u0142ych wodoodpornych i izolowanych dach\u00f3w p\u0142askich na domach, mieszkaniach i lokalach u\u017cytkowych. Innowacyjne rozwi\u0105zania dla ka\u017cdego dachu p\u0142askiego.","og_url":"https:\/\/dakenenonderhoud.nl\/pl\/","og_site_name":"Le Noble Daken en Onderhoud B.V.","article_modified_time":"2023-04-26T05:48:07+00:00","twitter_card":"summary_large_image","twitter_misc":{"Szacowany czas czytania":"1 minuta"},"schema":{"@context":"https:\/\/schema.org","@graph":[{"@type":"WebPage","@id":"https:\/\/dakenenonderhoud.nl\/pl\/","url":"https:\/\/dakenenonderhoud.nl\/pl\/","name":"Dom - Le Noble Daken en Onderhoud B.V.","isPartOf":{"@id":"https:\/\/dakenenonderhoud.nl\/pl\/#website"},"datePublished":"2021-03-03T18:35:57+00:00","dateModified":"2023-04-26T05:48:07+00:00","description":"Do trwa\u0142ych wodoodpornych i izolowanych dach\u00f3w p\u0142askich na domach, mieszkaniach i lokalach u\u017cytkowych. Innowacyjne rozwi\u0105zania dla ka\u017cdego dachu p\u0142askiego.","breadcrumb":{"@id":"https:\/\/dakenenonderhoud.nl\/pl\/#breadcrumb"},"inLanguage":"pl-PL","potentialAction":[{"@type":"ReadAction","target":["https:\/\/dakenenonderhoud.nl\/pl\/"]}]},{"@type":"BreadcrumbList","@id":"https:\/\/dakenenonderhoud.nl\/pl\/#breadcrumb","itemListElement":[{"@type":"ListItem","position":1,"name":"Home","item":"https:\/\/dakenenonderhoud.nl\/pl\/"},{"@type":"ListItem","position":2,"name":"Dom"}]},{"@type":"WebSite","@id":"https:\/\/dakenenonderhoud.nl\/pl\/#website","url":"https:\/\/dakenenonderhoud.nl\/pl\/","name":"Le Noble Daken en Onderhoud B.V.","description":"","potentialAction":[{"@type":"SearchAction","target":{"@type":"EntryPoint","urlTemplate":"https:\/\/dakenenonderhoud.nl\/pl\/?s={search_term_string}"},"query-input":{"@type":"PropertyValueSpecification","valueRequired":true,"valueName":"search_term_string"}}],"inLanguage":"pl-PL"}]}},"_links":{"self":[{"href":"https:\/\/dakenenonderhoud.nl\/pl\/wp-json\/wp\/v2\/pages\/319","targetHints":{"allow":["GET"]}}],"collection":[{"href":"https:\/\/dakenenonderhoud.nl\/pl\/wp-json\/wp\/v2\/pages"}],"about":[{"href":"https:\/\/dakenenonderhoud.nl\/pl\/wp-json\/wp\/v2\/types\/page"}],"author":[{"embeddable":true,"href":"https:\/\/dakenenonderhoud.nl\/pl\/wp-json\/wp\/v2\/users\/1"}],"replies":[{"embeddable":true,"href":"https:\/\/dakenenonderhoud.nl\/pl\/wp-json\/wp\/v2\/comments?post=319"}],"version-history":[{"count":9,"href":"https:\/\/dakenenonderhoud.nl\/pl\/wp-json\/wp\/v2\/pages\/319\/revisions"}],"predecessor-version":[{"id":368,"href":"https:\/\/dakenenonderhoud.nl\/pl\/wp-json\/wp\/v2\/pages\/319\/revisions\/368"}],"wp:attachment":[{"href":"https:\/\/dakenenonderhoud.nl\/pl\/wp-json\/wp\/v2\/media?parent=319"}],"curies":[{"name":"wp","href":"https:\/\/api.w.org\/{rel}","templated":true}]}}