{"id":308,"date":"2021-03-03T18:38:57","date_gmt":"2021-03-03T18:38:57","guid":{"rendered":"https:\/\/dakenenonderhoud.nl\/wie-we-zijn\/"},"modified":"2023-04-25T17:05:43","modified_gmt":"2023-04-25T17:05:43","slug":"kim-jestesmy","status":"publish","type":"page","link":"https:\/\/dakenenonderhoud.nl\/pl\/kim-jestesmy\/","title":{"rendered":"Kim jeste\u015bmy"},"content":{"rendered":"\n<div class=\"wp-block-columns is-layout-flex wp-container-core-columns-is-layout-9d6595d7 wp-block-columns-is-layout-flex\">\n<div class=\"wp-block-column is-layout-flow wp-block-column-is-layout-flow\">\n<p>Jeste\u015bmy ze sob\u0105 wyra\u017anie konstruktywni. Dla nas oznacza to utrzymywanie si\u0119 nawzajem w gotowo\u015bci i czujno\u015bci. W zarz\u0105dzaniu w takim samym stopniu jak na budowie i w hali produkcyjnej. Zwracanie si\u0119 do siebie o rad\u0119 lub pomoc nie jest oznak\u0105 s\u0142abo\u015bci, jest oznak\u0105 si\u0142y: konstruktywnej wsp\u00f3\u0142pracy. Le Noble Daken &amp; Onderhoud B.V. to miejsce, gdzie talent do dach\u00f3w spotyka si\u0119 z pot\u0119\u017cn\u0105 komunikacj\u0105. W tym miejscu niepostrze\u017cenie uzupe\u0142niamy si\u0119 i obie si\u0142y si\u0119 \u0142\u0105cz\u0105.<\/p>\n<\/div>\n\n\n\n<div class=\"wp-block-column is-layout-flow wp-block-column-is-layout-flow\">\n<div class=\"wp-block-columns is-layout-flex wp-container-core-columns-is-layout-9d6595d7 wp-block-columns-is-layout-flex\">\n<div class=\"wp-block-column is-layout-flow wp-block-column-is-layout-flow\">\n<figure class=\"wp-block-image size-large is-resized\"><img loading=\"lazy\" decoding=\"async\" src=\"https:\/\/demo.lars-aalberts.nl\/wp-content\/uploads\/2021\/03\/9421-Goulmy-Le-Noble-Daken-Onderhoud-1024x683.jpg\" alt=\"\" class=\"wp-image-80\" width=\"512\" height=\"342\" srcset=\"https:\/\/dakenenonderhoud.nl\/wp-content\/uploads\/2021\/03\/9421-Goulmy-Le-Noble-Daken-Onderhoud-1024x683.jpg 1024w, https:\/\/dakenenonderhoud.nl\/wp-content\/uploads\/2021\/03\/9421-Goulmy-Le-Noble-Daken-Onderhoud-300x200.jpg 300w, https:\/\/dakenenonderhoud.nl\/wp-content\/uploads\/2021\/03\/9421-Goulmy-Le-Noble-Daken-Onderhoud-768x512.jpg 768w, https:\/\/dakenenonderhoud.nl\/wp-content\/uploads\/2021\/03\/9421-Goulmy-Le-Noble-Daken-Onderhoud-1536x1024.jpg 1536w, https:\/\/dakenenonderhoud.nl\/wp-content\/uploads\/2021\/03\/9421-Goulmy-Le-Noble-Daken-Onderhoud.jpg 1920w\" sizes=\"auto, (max-width: 512px) 100vw, 512px\" \/><\/figure>\n<\/div>\n<\/div>\n<\/div>\n<\/div>\n\n<div class=\"wp-block-group\"><div class=\"wp-block-group__inner-container is-layout-flow wp-block-group-is-layout-flow\"><\/div><\/div>\n\n<div class=\"wp-block-columns is-layout-flex wp-container-core-columns-is-layout-9d6595d7 wp-block-columns-is-layout-flex\">\n<div class=\"wp-block-column is-layout-flow wp-block-column-is-layout-flow\">\n<figure class=\"wp-block-image size-large is-resized\"><img loading=\"lazy\" decoding=\"async\" src=\"https:\/\/demo.lars-aalberts.nl\/wp-content\/uploads\/2021\/03\/9509-Goulmy-Le-Noble-Daken-Onderhoud-1024x683.jpg\" alt=\"\" class=\"wp-image-85\" width=\"512\" height=\"342\" srcset=\"https:\/\/dakenenonderhoud.nl\/wp-content\/uploads\/2021\/03\/9509-Goulmy-Le-Noble-Daken-Onderhoud-1024x683.jpg 1024w, https:\/\/dakenenonderhoud.nl\/wp-content\/uploads\/2021\/03\/9509-Goulmy-Le-Noble-Daken-Onderhoud-300x200.jpg 300w, https:\/\/dakenenonderhoud.nl\/wp-content\/uploads\/2021\/03\/9509-Goulmy-Le-Noble-Daken-Onderhoud-768x512.jpg 768w, https:\/\/dakenenonderhoud.nl\/wp-content\/uploads\/2021\/03\/9509-Goulmy-Le-Noble-Daken-Onderhoud-1536x1024.jpg 1536w, https:\/\/dakenenonderhoud.nl\/wp-content\/uploads\/2021\/03\/9509-Goulmy-Le-Noble-Daken-Onderhoud.jpg 1920w\" sizes=\"auto, (max-width: 512px) 100vw, 512px\" \/><\/figure>\n<\/div>\n\n\n\n<div class=\"wp-block-column is-layout-flow wp-block-column-is-layout-flow\">\n<p>Profesjonalizm to klucz do sukcesu. Zw\u0142aszcza w tym zawodzie trzeba m\u00f3wi\u0107 jasno i profesjonalnie. Wsp\u00f3lna praca w rzemio\u015ble dekarskim to proces bliskiego s\u0142uchania. Dlatego upewniamy si\u0119, \u017ce ludzie wiedz\u0105, co otrzymali od Le Noble Daken &amp; Onderhoud B.V.<\/p>\n\n\n\n<p>I upewniamy si\u0119, \u017ce klienci rozumiej\u0105, czego mog\u0105 si\u0119 po nas spodziewa\u0107. Cenimy sobie wyra\u017anie szczere i bezpo\u015brednie podej\u015bcie do siebie. Zar\u00f3wno od klient\u00f3w, jak i od os\u00f3b, z kt\u00f3rymi pracuj\u0105.<\/p>\n<\/div>\n<\/div>\n\n<p><\/p>\n\n<p>To my. To s\u0105 2 si\u0142y nap\u0119dowe Le Noble Daken &amp; Onderhoud B.V.<\/p>\n\n<p><mark style=\"background-color:rgba(0, 0, 0, 0)\" class=\"has-inline-color has-vivid-red-color\">Robin &amp; Pieter<\/mark><\/p>\n","protected":false},"excerpt":{"rendered":"<p>Jeste\u015bmy ze sob\u0105 wyra\u017anie konstruktywni. Dla nas oznacza to utrzymywanie si\u0119 nawzajem w gotowo\u015bci i czujno\u015bci. W zarz\u0105dzaniu w takim samym stopniu jak na budowie i w hali produkcyjnej. Zwracanie si\u0119 do siebie o rad\u0119 lub pomoc nie jest oznak\u0105 s\u0142abo\u015bci, jest oznak\u0105 si\u0142y: konstruktywnej wsp\u00f3\u0142pracy. Le Noble Daken &amp; Onderhoud B.V. to miejsce, gdzie [&hellip;]<\/p>\n","protected":false},"author":1,"featured_media":0,"parent":0,"menu_order":0,"comment_status":"closed","ping_status":"closed","template":"","meta":{"footnotes":""},"class_list":["post-308","page","type-page","status-publish","hentry"],"yoast_head":"<!-- This site is optimized with the Yoast SEO plugin v27.4 - https:\/\/yoast.com\/product\/yoast-seo-wordpress\/ -->\n<title>Kim jeste\u015bmy - Le Noble Daken en Onderhoud B.V.<\/title>\n<meta name=\"description\" content=\"Za Le Noble Daken &amp; Onderhoud B.V. stoj\u0105 dwie si\u0142y nap\u0119dowe: Robin Baas i Pieter-Paul Le Noble.\" \/>\n<meta name=\"robots\" content=\"index, follow, max-snippet:-1, max-image-preview:large, max-video-preview:-1\" \/>\n<link rel=\"canonical\" href=\"https:\/\/dakenenonderhoud.nl\/pl\/kim-jestesmy\/\" \/>\n<meta property=\"og:locale\" content=\"pl_PL\" \/>\n<meta property=\"og:type\" content=\"article\" \/>\n<meta property=\"og:title\" content=\"Kim jeste\u015bmy - Le Noble Daken en Onderhoud B.V.\" \/>\n<meta property=\"og:description\" content=\"Za Le Noble Daken &amp; Onderhoud B.V. stoj\u0105 dwie si\u0142y nap\u0119dowe: Robin Baas i Pieter-Paul Le Noble.\" \/>\n<meta property=\"og:url\" content=\"https:\/\/dakenenonderhoud.nl\/pl\/kim-jestesmy\/\" \/>\n<meta property=\"og:site_name\" content=\"Le Noble Daken en Onderhoud B.V.\" \/>\n<meta property=\"article:modified_time\" content=\"2023-04-25T17:05:43+00:00\" \/>\n<meta property=\"og:image\" content=\"https:\/\/demo.lars-aalberts.nl\/wp-content\/uploads\/2021\/03\/9421-Goulmy-Le-Noble-Daken-Onderhoud-1024x683.jpg\" \/>\n<meta name=\"twitter:card\" content=\"summary_large_image\" \/>\n<meta name=\"twitter:label1\" content=\"Szacowany czas czytania\" \/>\n\t<meta name=\"twitter:data1\" content=\"1 minuta\" \/>\n<script type=\"application\/ld+json\" class=\"yoast-schema-graph\">{\"@context\":\"https:\\\/\\\/schema.org\",\"@graph\":[{\"@type\":\"WebPage\",\"@id\":\"https:\\\/\\\/dakenenonderhoud.nl\\\/pl\\\/kim-jestesmy\\\/\",\"url\":\"https:\\\/\\\/dakenenonderhoud.nl\\\/pl\\\/kim-jestesmy\\\/\",\"name\":\"Kim jeste\u015bmy - Le Noble Daken en Onderhoud B.V.\",\"isPartOf\":{\"@id\":\"https:\\\/\\\/dakenenonderhoud.nl\\\/pl\\\/#website\"},\"primaryImageOfPage\":{\"@id\":\"https:\\\/\\\/dakenenonderhoud.nl\\\/pl\\\/kim-jestesmy\\\/#primaryimage\"},\"image\":{\"@id\":\"https:\\\/\\\/dakenenonderhoud.nl\\\/pl\\\/kim-jestesmy\\\/#primaryimage\"},\"thumbnailUrl\":\"https:\\\/\\\/demo.lars-aalberts.nl\\\/wp-content\\\/uploads\\\/2021\\\/03\\\/9421-Goulmy-Le-Noble-Daken-Onderhoud-1024x683.jpg\",\"datePublished\":\"2021-03-03T18:38:57+00:00\",\"dateModified\":\"2023-04-25T17:05:43+00:00\",\"description\":\"Za Le Noble Daken & Onderhoud B.V. stoj\u0105 dwie si\u0142y nap\u0119dowe: Robin Baas i Pieter-Paul Le Noble.\",\"breadcrumb\":{\"@id\":\"https:\\\/\\\/dakenenonderhoud.nl\\\/pl\\\/kim-jestesmy\\\/#breadcrumb\"},\"inLanguage\":\"pl-PL\",\"potentialAction\":[{\"@type\":\"ReadAction\",\"target\":[\"https:\\\/\\\/dakenenonderhoud.nl\\\/pl\\\/kim-jestesmy\\\/\"]}]},{\"@type\":\"ImageObject\",\"inLanguage\":\"pl-PL\",\"@id\":\"https:\\\/\\\/dakenenonderhoud.nl\\\/pl\\\/kim-jestesmy\\\/#primaryimage\",\"url\":\"https:\\\/\\\/demo.lars-aalberts.nl\\\/wp-content\\\/uploads\\\/2021\\\/03\\\/9421-Goulmy-Le-Noble-Daken-Onderhoud-1024x683.jpg\",\"contentUrl\":\"https:\\\/\\\/demo.lars-aalberts.nl\\\/wp-content\\\/uploads\\\/2021\\\/03\\\/9421-Goulmy-Le-Noble-Daken-Onderhoud-1024x683.jpg\"},{\"@type\":\"BreadcrumbList\",\"@id\":\"https:\\\/\\\/dakenenonderhoud.nl\\\/pl\\\/kim-jestesmy\\\/#breadcrumb\",\"itemListElement\":[{\"@type\":\"ListItem\",\"position\":1,\"name\":\"Home\",\"item\":\"https:\\\/\\\/dakenenonderhoud.nl\\\/pl\\\/\"},{\"@type\":\"ListItem\",\"position\":2,\"name\":\"Kim jeste\u015bmy\"}]},{\"@type\":\"WebSite\",\"@id\":\"https:\\\/\\\/dakenenonderhoud.nl\\\/pl\\\/#website\",\"url\":\"https:\\\/\\\/dakenenonderhoud.nl\\\/pl\\\/\",\"name\":\"Le Noble Daken en Onderhoud B.V.\",\"description\":\"\",\"potentialAction\":[{\"@type\":\"SearchAction\",\"target\":{\"@type\":\"EntryPoint\",\"urlTemplate\":\"https:\\\/\\\/dakenenonderhoud.nl\\\/pl\\\/?s={search_term_string}\"},\"query-input\":{\"@type\":\"PropertyValueSpecification\",\"valueRequired\":true,\"valueName\":\"search_term_string\"}}],\"inLanguage\":\"pl-PL\"}]}<\/script>\n<!-- \/ Yoast SEO plugin. -->","yoast_head_json":{"title":"Kim jeste\u015bmy - Le Noble Daken en Onderhoud B.V.","description":"Za Le Noble Daken & Onderhoud B.V. stoj\u0105 dwie si\u0142y nap\u0119dowe: Robin Baas i Pieter-Paul Le Noble.","robots":{"index":"index","follow":"follow","max-snippet":"max-snippet:-1","max-image-preview":"max-image-preview:large","max-video-preview":"max-video-preview:-1"},"canonical":"https:\/\/dakenenonderhoud.nl\/pl\/kim-jestesmy\/","og_locale":"pl_PL","og_type":"article","og_title":"Kim jeste\u015bmy - Le Noble Daken en Onderhoud B.V.","og_description":"Za Le Noble Daken & Onderhoud B.V. stoj\u0105 dwie si\u0142y nap\u0119dowe: Robin Baas i Pieter-Paul Le Noble.","og_url":"https:\/\/dakenenonderhoud.nl\/pl\/kim-jestesmy\/","og_site_name":"Le Noble Daken en Onderhoud B.V.","article_modified_time":"2023-04-25T17:05:43+00:00","og_image":[{"url":"https:\/\/demo.lars-aalberts.nl\/wp-content\/uploads\/2021\/03\/9421-Goulmy-Le-Noble-Daken-Onderhoud-1024x683.jpg","type":"","width":"","height":""}],"twitter_card":"summary_large_image","twitter_misc":{"Szacowany czas czytania":"1 minuta"},"schema":{"@context":"https:\/\/schema.org","@graph":[{"@type":"WebPage","@id":"https:\/\/dakenenonderhoud.nl\/pl\/kim-jestesmy\/","url":"https:\/\/dakenenonderhoud.nl\/pl\/kim-jestesmy\/","name":"Kim jeste\u015bmy - Le Noble Daken en Onderhoud B.V.","isPartOf":{"@id":"https:\/\/dakenenonderhoud.nl\/pl\/#website"},"primaryImageOfPage":{"@id":"https:\/\/dakenenonderhoud.nl\/pl\/kim-jestesmy\/#primaryimage"},"image":{"@id":"https:\/\/dakenenonderhoud.nl\/pl\/kim-jestesmy\/#primaryimage"},"thumbnailUrl":"https:\/\/demo.lars-aalberts.nl\/wp-content\/uploads\/2021\/03\/9421-Goulmy-Le-Noble-Daken-Onderhoud-1024x683.jpg","datePublished":"2021-03-03T18:38:57+00:00","dateModified":"2023-04-25T17:05:43+00:00","description":"Za Le Noble Daken & Onderhoud B.V. stoj\u0105 dwie si\u0142y nap\u0119dowe: Robin Baas i Pieter-Paul Le Noble.","breadcrumb":{"@id":"https:\/\/dakenenonderhoud.nl\/pl\/kim-jestesmy\/#breadcrumb"},"inLanguage":"pl-PL","potentialAction":[{"@type":"ReadAction","target":["https:\/\/dakenenonderhoud.nl\/pl\/kim-jestesmy\/"]}]},{"@type":"ImageObject","inLanguage":"pl-PL","@id":"https:\/\/dakenenonderhoud.nl\/pl\/kim-jestesmy\/#primaryimage","url":"https:\/\/demo.lars-aalberts.nl\/wp-content\/uploads\/2021\/03\/9421-Goulmy-Le-Noble-Daken-Onderhoud-1024x683.jpg","contentUrl":"https:\/\/demo.lars-aalberts.nl\/wp-content\/uploads\/2021\/03\/9421-Goulmy-Le-Noble-Daken-Onderhoud-1024x683.jpg"},{"@type":"BreadcrumbList","@id":"https:\/\/dakenenonderhoud.nl\/pl\/kim-jestesmy\/#breadcrumb","itemListElement":[{"@type":"ListItem","position":1,"name":"Home","item":"https:\/\/dakenenonderhoud.nl\/pl\/"},{"@type":"ListItem","position":2,"name":"Kim jeste\u015bmy"}]},{"@type":"WebSite","@id":"https:\/\/dakenenonderhoud.nl\/pl\/#website","url":"https:\/\/dakenenonderhoud.nl\/pl\/","name":"Le Noble Daken en Onderhoud B.V.","description":"","potentialAction":[{"@type":"SearchAction","target":{"@type":"EntryPoint","urlTemplate":"https:\/\/dakenenonderhoud.nl\/pl\/?s={search_term_string}"},"query-input":{"@type":"PropertyValueSpecification","valueRequired":true,"valueName":"search_term_string"}}],"inLanguage":"pl-PL"}]}},"_links":{"self":[{"href":"https:\/\/dakenenonderhoud.nl\/pl\/wp-json\/wp\/v2\/pages\/308","targetHints":{"allow":["GET"]}}],"collection":[{"href":"https:\/\/dakenenonderhoud.nl\/pl\/wp-json\/wp\/v2\/pages"}],"about":[{"href":"https:\/\/dakenenonderhoud.nl\/pl\/wp-json\/wp\/v2\/types\/page"}],"author":[{"embeddable":true,"href":"https:\/\/dakenenonderhoud.nl\/pl\/wp-json\/wp\/v2\/users\/1"}],"replies":[{"embeddable":true,"href":"https:\/\/dakenenonderhoud.nl\/pl\/wp-json\/wp\/v2\/comments?post=308"}],"version-history":[{"count":6,"href":"https:\/\/dakenenonderhoud.nl\/pl\/wp-json\/wp\/v2\/pages\/308\/revisions"}],"predecessor-version":[{"id":358,"href":"https:\/\/dakenenonderhoud.nl\/pl\/wp-json\/wp\/v2\/pages\/308\/revisions\/358"}],"wp:attachment":[{"href":"https:\/\/dakenenonderhoud.nl\/pl\/wp-json\/wp\/v2\/media?parent=308"}],"curies":[{"name":"wp","href":"https:\/\/api.w.org\/{rel}","templated":true}]}}