{"id":306,"date":"2021-03-03T18:38:42","date_gmt":"2021-03-03T18:38:42","guid":{"rendered":"https:\/\/dakenenonderhoud.nl\/werken-bij\/"},"modified":"2023-04-25T17:05:43","modified_gmt":"2023-04-25T17:05:43","slug":"praca-at","status":"publish","type":"page","link":"https:\/\/dakenenonderhoud.nl\/pl\/praca-at\/","title":{"rendered":"Praca w"},"content":{"rendered":"\n<div class=\"wp-block-columns is-layout-flex wp-container-core-columns-is-layout-9d6595d7 wp-block-columns-is-layout-flex\">\n<div class=\"wp-block-column is-layout-flow wp-block-column-is-layout-flow\" style=\"flex-basis:50%\">\n<div class=\"wp-block-columns is-layout-flex wp-container-core-columns-is-layout-9d6595d7 wp-block-columns-is-layout-flex\">\n<div class=\"wp-block-column is-layout-flow wp-block-column-is-layout-flow\" style=\"flex-basis:100%\">\n<p>Le Noble Daken &amp; Onderhoud B.V. uwielbia wsp\u00f3\u0142pracowa\u0107. <br\/>Naszym zdaniem oznacza to danie ka\u017cdemu przestrzeni, w kt\u00f3rej mo\u017ce da\u0107 z siebie wszystko. Wspieramy kultur\u0119 konstruktywnych konsultacji i komunikacji. Z nami talent ma szans\u0119 zosta\u0107 dostrze\u017cony i us\u0142yszany. Ba\u0107 si\u0119 niezale\u017cnej opinii to ba\u0107 si\u0119 zmian. Wi\u0119c nie jeste\u015bmy. Jego wzrok skierowany jest na przysz\u0142o\u015b\u0107. Budujemy dachy, rozwijamy si\u0119 i utrzymujemy dla jutra. Nasi niezale\u017cni pracownicy (ZZP&#8217;ers) s\u0105 tak samo oddani naszym klientom jak my. S\u0105 naszymi bohaterami na dachu i pomagaj\u0105 w projektach tam, gdzie jest to potrzebne. Mo\u017cna ich rozpozna\u0107 po odpowiednim ubiorze firmowym, odpowiedzialno\u015bci za prac\u0119, jasnym planowaniu, kt\u00f3rego si\u0119 trzymaj\u0105, czystym autobusie roboczym i wysokiej orientacji na us\u0142ugi dla naszego klienta. Ci\u0119\u017cko pracuj\u0105 i ws\u0142uchuj\u0105 si\u0119 w potrzeby klient\u00f3w. Wykonywane przez nich prace dekarskie s\u0105 zgodne z najnowszymi standardami, przepisami i regulacjami. Samodzielni pracownicy z talentem otrzymuj\u0105 mo\u017cliwo\u015b\u0107 pokazania i us\u0142yszenia siebie u nas i w ten spos\u00f3b staj\u0105 si\u0119 cz\u0119\u015bci\u0105 naszego zespo\u0142u.<\/p>\n<\/div>\n<\/div>\n<\/div>\n\n\n\n<div class=\"wp-block-column is-layout-flow wp-block-column-is-layout-flow\"><div id=\"neoBootstrapCarousel129\" class=\"carousel slide\" data-ride=\"carousel\">\n\n\t<!-- Indicators -->\n\t\n\t<!-- Slide's Wrapper -->\n\t\t<div class=\"carousel-inner\" role=\"listbox\">\n\t\t\t\t\t\t\n\t\t\t<div class=\"item active\" style=\"background-image: url( 'https:\/\/dakenenonderhoud.nl\/wp-content\/uploads\/2021\/03\/9361-Goulmy-Le-Noble-Daken-Onderhoud.jpg' );\">\n\t\t\t\t<!-- Carousel Overlay -->\n\t\t\t\t\n\t\t\t\t<!-- Carousel Caption -->\n\t\t\t\t\t\t\t<\/div>\n\t\t\t\n\t\t\t<div class=\"item \" style=\"background-image: url( 'https:\/\/dakenenonderhoud.nl\/wp-content\/uploads\/2021\/03\/9341-Goulmy-Le-Noble-Daken-Onderhoud-min.jpg' );\">\n\t\t\t\t<!-- Carousel Overlay -->\n\t\t\t\t\n\t\t\t\t<!-- Carousel Caption -->\n\t\t\t\t\t\t\t<\/div>\n\t\t\t\n\t\t\t<div class=\"item \" style=\"background-image: url( 'https:\/\/dakenenonderhoud.nl\/wp-content\/uploads\/2021\/03\/9377-Goulmy-Le-Noble-Daken-Onderhoud.jpg' );\">\n\t\t\t\t<!-- Carousel Overlay -->\n\t\t\t\t\n\t\t\t\t<!-- Carousel Caption -->\n\t\t\t\t\t\t\t<\/div>\n\t\t\t\t<\/div>\n\n\t<!-- Arrows - Left & Right Controls -->\n\t\t\t<a class=\"left carousel-control\" href=\"javascript:void(0)\" role=\"button\" data-slide=\"prev\">\n\t\t\t<span class=\"nbc-prev\" aria-hidden=\"true\"><\/span>\n\t\t\t<span class=\"sr-only\">Previous<\/span>\n\t\t<\/a>\n\t\t<a class=\"right carousel-control\" href=\"javascript:void(0)\" role=\"button\" data-slide=\"next\">\n\t\t\t<span class=\"nbc-next\" aria-hidden=\"true\"><\/span>\n\t\t\t<span class=\"sr-only\">Next<\/span>\n\t\t<\/a>\n\t<\/div>\n\n<!-- Script Adding Settings\/Attributes of Shortcode -->\n<script type=\"text\/javascript\">\n\t\/* <![CDATA[ *\/ ;\n\t(function($) {\n\t\t'use strict';\n\n\t\t\/\/ Function to Animate Slider Captions.\n\t\tfunction doAnimations(elems) {\n\n\t\t\t\/\/ Cache the animationend event in a variable.\n\t\t\tvar animEndEv = 'webkitAnimationEnd animationend';\n\n\t\t\telems.each(function() {\n\t\t\t\tvar $this = $(this),\n\t\t\t\t\t$animationType = $this.data('animation');\n\t\t\t\t$this.addClass($animationType).one(animEndEv, function() {\n\t\t\t\t\t$this.removeClass($animationType);\n\t\t\t\t});\n\t\t\t});\n\t\t}\n\n\t\t$(window).on('load', function() {\n\t\t\tvar $myCarousel = $('#neoBootstrapCarousel129'),\n\t\t\t\t$firstAnimatingElems = $myCarousel.find('.item:first').find(\"[data-animation ^= 'animated']\");\n\n\t\t\t\/\/ Initialize Carousel with options\n\t\t\t$myCarousel.carousel({\n\t\t\t\tinterval: 5000,\n\t\t\t\tpause: 'hover',\n\t\t\t\twrap: true,\n\t\t\t\tkeyboard: true\n\t\t\t});\n\n\t\t\t\/\/ Animate captions in first slide on page load\n\t\t\tdoAnimations($firstAnimatingElems);\n\n\t\t\t\/\/ Other Slides to be Animated on Carousel Slide Event\n\t\t\t$myCarousel.on('slide.bs.carousel', function(e) {\n\t\t\t\tvar $animatingElems = $(e.relatedTarget).find(\"[data-animation ^= 'animated']\");\n\t\t\t\tdoAnimations($animatingElems);\n\t\t\t});\n\n\t\t\t\/\/ Explicit arrow handlers \u2014 bypass data-API which may be removed by touch carousel\n\t\t\t$myCarousel.find('.carousel-control').on('click', function(e) {\n\t\t\t\te.preventDefault();\n\t\t\t\t$myCarousel.carousel($(this).data('slide'));\n\t\t\t});\n\t\t});\n\t})(jQuery);\n\t\/* ]]> *\/\n<\/script>\n<\/div>\n<\/div>\n","protected":false},"excerpt":{"rendered":"<p>Le Noble Daken &amp; Onderhoud B.V. uwielbia wsp\u00f3\u0142pracowa\u0107. Naszym zdaniem oznacza to danie ka\u017cdemu przestrzeni, w kt\u00f3rej mo\u017ce da\u0107 z siebie wszystko. Wspieramy kultur\u0119 konstruktywnych konsultacji i komunikacji. Z nami talent ma szans\u0119 zosta\u0107 dostrze\u017cony i us\u0142yszany. Ba\u0107 si\u0119 niezale\u017cnej opinii to ba\u0107 si\u0119 zmian. Wi\u0119c nie jeste\u015bmy. Jego wzrok skierowany jest na przysz\u0142o\u015b\u0107. Budujemy [&hellip;]<\/p>\n","protected":false},"author":1,"featured_media":0,"parent":0,"menu_order":0,"comment_status":"closed","ping_status":"closed","template":"","meta":{"footnotes":""},"class_list":["post-306","page","type-page","status-publish","hentry"],"yoast_head":"<!-- This site is optimized with the Yoast SEO plugin v27.4 - https:\/\/yoast.com\/product\/yoast-seo-wordpress\/ -->\n<title>Praca w - Le Noble Daken en Onderhoud B.V.<\/title>\n<meta name=\"description\" content=\"Dajemy ka\u017cdemu przestrze\u0144 do tego, aby m\u00f3g\u0142 zrobi\u0107 to, co najlepsze. Wspieramy kultur\u0119 konstruktywnych konsultacji i komunikacji.\" \/>\n<meta name=\"robots\" content=\"index, follow, max-snippet:-1, max-image-preview:large, max-video-preview:-1\" \/>\n<link rel=\"canonical\" href=\"https:\/\/dakenenonderhoud.nl\/pl\/praca-at\/\" \/>\n<meta property=\"og:locale\" content=\"pl_PL\" \/>\n<meta property=\"og:type\" content=\"article\" \/>\n<meta property=\"og:title\" content=\"Praca w - Le Noble Daken en Onderhoud B.V.\" \/>\n<meta property=\"og:description\" content=\"Dajemy ka\u017cdemu przestrze\u0144 do tego, aby m\u00f3g\u0142 zrobi\u0107 to, co najlepsze. Wspieramy kultur\u0119 konstruktywnych konsultacji i komunikacji.\" \/>\n<meta property=\"og:url\" content=\"https:\/\/dakenenonderhoud.nl\/pl\/praca-at\/\" \/>\n<meta property=\"og:site_name\" content=\"Le Noble Daken en Onderhoud B.V.\" \/>\n<meta property=\"article:modified_time\" content=\"2023-04-25T17:05:43+00:00\" \/>\n<meta name=\"twitter:card\" content=\"summary_large_image\" \/>\n<meta name=\"twitter:label1\" content=\"Szacowany czas czytania\" \/>\n\t<meta name=\"twitter:data1\" content=\"1 minuta\" \/>\n<script type=\"application\/ld+json\" class=\"yoast-schema-graph\">{\"@context\":\"https:\\\/\\\/schema.org\",\"@graph\":[{\"@type\":\"WebPage\",\"@id\":\"https:\\\/\\\/dakenenonderhoud.nl\\\/pl\\\/praca-at\\\/\",\"url\":\"https:\\\/\\\/dakenenonderhoud.nl\\\/pl\\\/praca-at\\\/\",\"name\":\"Praca w - Le Noble Daken en Onderhoud B.V.\",\"isPartOf\":{\"@id\":\"https:\\\/\\\/dakenenonderhoud.nl\\\/pl\\\/#website\"},\"datePublished\":\"2021-03-03T18:38:42+00:00\",\"dateModified\":\"2023-04-25T17:05:43+00:00\",\"description\":\"Dajemy ka\u017cdemu przestrze\u0144 do tego, aby m\u00f3g\u0142 zrobi\u0107 to, co najlepsze. Wspieramy kultur\u0119 konstruktywnych konsultacji i komunikacji.\",\"breadcrumb\":{\"@id\":\"https:\\\/\\\/dakenenonderhoud.nl\\\/pl\\\/praca-at\\\/#breadcrumb\"},\"inLanguage\":\"pl-PL\",\"potentialAction\":[{\"@type\":\"ReadAction\",\"target\":[\"https:\\\/\\\/dakenenonderhoud.nl\\\/pl\\\/praca-at\\\/\"]}]},{\"@type\":\"BreadcrumbList\",\"@id\":\"https:\\\/\\\/dakenenonderhoud.nl\\\/pl\\\/praca-at\\\/#breadcrumb\",\"itemListElement\":[{\"@type\":\"ListItem\",\"position\":1,\"name\":\"Home\",\"item\":\"https:\\\/\\\/dakenenonderhoud.nl\\\/pl\\\/\"},{\"@type\":\"ListItem\",\"position\":2,\"name\":\"Praca w\"}]},{\"@type\":\"WebSite\",\"@id\":\"https:\\\/\\\/dakenenonderhoud.nl\\\/pl\\\/#website\",\"url\":\"https:\\\/\\\/dakenenonderhoud.nl\\\/pl\\\/\",\"name\":\"Le Noble Daken en Onderhoud B.V.\",\"description\":\"\",\"potentialAction\":[{\"@type\":\"SearchAction\",\"target\":{\"@type\":\"EntryPoint\",\"urlTemplate\":\"https:\\\/\\\/dakenenonderhoud.nl\\\/pl\\\/?s={search_term_string}\"},\"query-input\":{\"@type\":\"PropertyValueSpecification\",\"valueRequired\":true,\"valueName\":\"search_term_string\"}}],\"inLanguage\":\"pl-PL\"}]}<\/script>\n<!-- \/ Yoast SEO plugin. -->","yoast_head_json":{"title":"Praca w - Le Noble Daken en Onderhoud B.V.","description":"Dajemy ka\u017cdemu przestrze\u0144 do tego, aby m\u00f3g\u0142 zrobi\u0107 to, co najlepsze. Wspieramy kultur\u0119 konstruktywnych konsultacji i komunikacji.","robots":{"index":"index","follow":"follow","max-snippet":"max-snippet:-1","max-image-preview":"max-image-preview:large","max-video-preview":"max-video-preview:-1"},"canonical":"https:\/\/dakenenonderhoud.nl\/pl\/praca-at\/","og_locale":"pl_PL","og_type":"article","og_title":"Praca w - Le Noble Daken en Onderhoud B.V.","og_description":"Dajemy ka\u017cdemu przestrze\u0144 do tego, aby m\u00f3g\u0142 zrobi\u0107 to, co najlepsze. Wspieramy kultur\u0119 konstruktywnych konsultacji i komunikacji.","og_url":"https:\/\/dakenenonderhoud.nl\/pl\/praca-at\/","og_site_name":"Le Noble Daken en Onderhoud B.V.","article_modified_time":"2023-04-25T17:05:43+00:00","twitter_card":"summary_large_image","twitter_misc":{"Szacowany czas czytania":"1 minuta"},"schema":{"@context":"https:\/\/schema.org","@graph":[{"@type":"WebPage","@id":"https:\/\/dakenenonderhoud.nl\/pl\/praca-at\/","url":"https:\/\/dakenenonderhoud.nl\/pl\/praca-at\/","name":"Praca w - Le Noble Daken en Onderhoud B.V.","isPartOf":{"@id":"https:\/\/dakenenonderhoud.nl\/pl\/#website"},"datePublished":"2021-03-03T18:38:42+00:00","dateModified":"2023-04-25T17:05:43+00:00","description":"Dajemy ka\u017cdemu przestrze\u0144 do tego, aby m\u00f3g\u0142 zrobi\u0107 to, co najlepsze. Wspieramy kultur\u0119 konstruktywnych konsultacji i komunikacji.","breadcrumb":{"@id":"https:\/\/dakenenonderhoud.nl\/pl\/praca-at\/#breadcrumb"},"inLanguage":"pl-PL","potentialAction":[{"@type":"ReadAction","target":["https:\/\/dakenenonderhoud.nl\/pl\/praca-at\/"]}]},{"@type":"BreadcrumbList","@id":"https:\/\/dakenenonderhoud.nl\/pl\/praca-at\/#breadcrumb","itemListElement":[{"@type":"ListItem","position":1,"name":"Home","item":"https:\/\/dakenenonderhoud.nl\/pl\/"},{"@type":"ListItem","position":2,"name":"Praca w"}]},{"@type":"WebSite","@id":"https:\/\/dakenenonderhoud.nl\/pl\/#website","url":"https:\/\/dakenenonderhoud.nl\/pl\/","name":"Le Noble Daken en Onderhoud B.V.","description":"","potentialAction":[{"@type":"SearchAction","target":{"@type":"EntryPoint","urlTemplate":"https:\/\/dakenenonderhoud.nl\/pl\/?s={search_term_string}"},"query-input":{"@type":"PropertyValueSpecification","valueRequired":true,"valueName":"search_term_string"}}],"inLanguage":"pl-PL"}]}},"_links":{"self":[{"href":"https:\/\/dakenenonderhoud.nl\/pl\/wp-json\/wp\/v2\/pages\/306","targetHints":{"allow":["GET"]}}],"collection":[{"href":"https:\/\/dakenenonderhoud.nl\/pl\/wp-json\/wp\/v2\/pages"}],"about":[{"href":"https:\/\/dakenenonderhoud.nl\/pl\/wp-json\/wp\/v2\/types\/page"}],"author":[{"embeddable":true,"href":"https:\/\/dakenenonderhoud.nl\/pl\/wp-json\/wp\/v2\/users\/1"}],"replies":[{"embeddable":true,"href":"https:\/\/dakenenonderhoud.nl\/pl\/wp-json\/wp\/v2\/comments?post=306"}],"version-history":[{"count":4,"href":"https:\/\/dakenenonderhoud.nl\/pl\/wp-json\/wp\/v2\/pages\/306\/revisions"}],"predecessor-version":[{"id":360,"href":"https:\/\/dakenenonderhoud.nl\/pl\/wp-json\/wp\/v2\/pages\/306\/revisions\/360"}],"wp:attachment":[{"href":"https:\/\/dakenenonderhoud.nl\/pl\/wp-json\/wp\/v2\/media?parent=306"}],"curies":[{"name":"wp","href":"https:\/\/api.w.org\/{rel}","templated":true}]}}