{"id":304,"date":"2021-03-03T18:39:29","date_gmt":"2021-03-03T18:39:29","guid":{"rendered":"https:\/\/dakenenonderhoud.nl\/wat-we-doen\/"},"modified":"2023-04-26T06:01:39","modified_gmt":"2023-04-26T06:01:39","slug":"co-robimy","status":"publish","type":"page","link":"https:\/\/dakenenonderhoud.nl\/pl\/co-robimy\/","title":{"rendered":"Co robimy"},"content":{"rendered":"\n<p class=\"has-text-align-center\">Spo\u0142ecze\u0144stwo stale w ruchu. Wszystko jest coraz dro\u017csze, a ceny wci\u0105\u017c rosn\u0105. Jednym z rozwi\u0105za\u0144 jest instalacja paneli s\u0142onecznych, aby zaoszcz\u0119dzi\u0107 na kosztach i otrzyma\u0107 dotacje.<br\/>Co jednak zrobi\u0107, gdy dach nie jest wystarczaj\u0105co solidny lub odpowiedni?<br\/>Le Noble Daken &amp; Onderhoud B.V. posiada zr\u00f3wnowa\u017cone rozwi\u0105zanie w zakresie przekszta\u0142cania istniej\u0105cych dach\u00f3w w solidne dachy wspieraj\u0105ce panele s\u0142oneczne. Wprowadzamy innowacyjne dachy p\u0142askie dla Real Estate i innych deweloper\u00f3w. Materia\u0142 jest ponownie wykorzystywany w celu zaoszcz\u0119dzenia koszt\u00f3w.<br\/>Jeste\u015bmy latarni\u0105 dla naszych rodak\u00f3w. Zr\u00f3wnowa\u017cony rozw\u00f3j personelu jest naszym priorytetem. M\u0142odych ludzi z dystansem do rynku pracy wida\u0107 i s\u0142ycha\u0107 w Le Noble Daken &amp; Onderhoud B.V. Bohaterowie dach\u00f3w i inni pracownicy maj\u0105 szans\u0119 na rozw\u00f3j osobisty i dalszy rozw\u00f3j jako pracownicy.<br\/>Lepsze \u015brodowisko, szcz\u0119\u015bliwy cz\u0142owiek. Razem. Po to w\u0142a\u015bnie to robimy.<br\/>Sygnalizator burzowy do dach\u00f3w p\u0142askich.<\/p>\n\n<p class=\"has-text-align-center\">W Le Noble Daken &amp; Onderhoud B.V. lubimy spotyka\u0107 si\u0119 z naszymi klientami<br\/>aby udzieli\u0107 porady dostosowanej do potrzeb.  <br\/>Mo\u017cesz skontaktowa\u0107 si\u0119 z nami poprzez nasz <a href=\"https:\/\/dakenenonderhoud.nl\/pl\/kontakt\/\">formularz<\/a> kontaktowy,<br\/>ale ch\u0119tnie porozmawiamy te\u017c z Tob\u0105 przez telefon.  <br\/>Lepsze \u015brodowisko, szcz\u0119\u015bliwy cz\u0142owiek. To jest nasza si\u0142a nap\u0119dowa.<\/p>\n","protected":false},"excerpt":{"rendered":"<p>Spo\u0142ecze\u0144stwo stale w ruchu. Wszystko jest coraz dro\u017csze, a ceny wci\u0105\u017c rosn\u0105. Jednym z rozwi\u0105za\u0144 jest instalacja paneli s\u0142onecznych, aby zaoszcz\u0119dzi\u0107 na kosztach i otrzyma\u0107 dotacje.Co jednak zrobi\u0107, gdy dach nie jest wystarczaj\u0105co solidny lub odpowiedni?Le Noble Daken &amp; Onderhoud B.V. posiada zr\u00f3wnowa\u017cone rozwi\u0105zanie w zakresie przekszta\u0142cania istniej\u0105cych dach\u00f3w w solidne dachy wspieraj\u0105ce panele s\u0142oneczne. [&hellip;]<\/p>\n","protected":false},"author":1,"featured_media":0,"parent":0,"menu_order":0,"comment_status":"closed","ping_status":"closed","template":"","meta":{"footnotes":""},"class_list":["post-304","page","type-page","status-publish","hentry"],"yoast_head":"<!-- This site is optimized with the Yoast SEO plugin v26.8 - https:\/\/yoast.com\/product\/yoast-seo-wordpress\/ -->\n<title>Co robimy - Le Noble Daken en Onderhoud B.V.<\/title>\n<meta name=\"description\" content=\"Mamy zr\u00f3wnowa\u017cone i op\u0142acalne rozwi\u0105zanie do przekszta\u0142cania istniej\u0105cych dach\u00f3w w solidne dachy do obs\u0142ugi paneli s\u0142onecznych.\" \/>\n<meta name=\"robots\" content=\"index, follow, max-snippet:-1, max-image-preview:large, max-video-preview:-1\" \/>\n<link rel=\"canonical\" href=\"https:\/\/dakenenonderhoud.nl\/pl\/co-robimy\/\" \/>\n<meta property=\"og:locale\" content=\"pl_PL\" \/>\n<meta property=\"og:type\" content=\"article\" \/>\n<meta property=\"og:title\" content=\"Co robimy - Le Noble Daken en Onderhoud B.V.\" \/>\n<meta property=\"og:description\" content=\"Mamy zr\u00f3wnowa\u017cone i op\u0142acalne rozwi\u0105zanie do przekszta\u0142cania istniej\u0105cych dach\u00f3w w solidne dachy do obs\u0142ugi paneli s\u0142onecznych.\" \/>\n<meta property=\"og:url\" content=\"https:\/\/dakenenonderhoud.nl\/pl\/co-robimy\/\" \/>\n<meta property=\"og:site_name\" content=\"Le Noble Daken en Onderhoud B.V.\" \/>\n<meta property=\"article:modified_time\" content=\"2023-04-26T06:01:39+00:00\" \/>\n<meta name=\"twitter:card\" content=\"summary_large_image\" \/>\n<meta name=\"twitter:label1\" content=\"Szacowany czas czytania\" \/>\n\t<meta name=\"twitter:data1\" content=\"1 minuta\" \/>\n<script type=\"application\/ld+json\" class=\"yoast-schema-graph\">{\"@context\":\"https:\/\/schema.org\",\"@graph\":[{\"@type\":\"WebPage\",\"@id\":\"https:\/\/dakenenonderhoud.nl\/pl\/co-robimy\/\",\"url\":\"https:\/\/dakenenonderhoud.nl\/pl\/co-robimy\/\",\"name\":\"Co robimy - Le Noble Daken en Onderhoud B.V.\",\"isPartOf\":{\"@id\":\"https:\/\/dakenenonderhoud.nl\/pl\/#website\"},\"datePublished\":\"2021-03-03T18:39:29+00:00\",\"dateModified\":\"2023-04-26T06:01:39+00:00\",\"description\":\"Mamy zr\u00f3wnowa\u017cone i op\u0142acalne rozwi\u0105zanie do przekszta\u0142cania istniej\u0105cych dach\u00f3w w solidne dachy do obs\u0142ugi paneli s\u0142onecznych.\",\"breadcrumb\":{\"@id\":\"https:\/\/dakenenonderhoud.nl\/pl\/co-robimy\/#breadcrumb\"},\"inLanguage\":\"pl-PL\",\"potentialAction\":[{\"@type\":\"ReadAction\",\"target\":[\"https:\/\/dakenenonderhoud.nl\/pl\/co-robimy\/\"]}]},{\"@type\":\"BreadcrumbList\",\"@id\":\"https:\/\/dakenenonderhoud.nl\/pl\/co-robimy\/#breadcrumb\",\"itemListElement\":[{\"@type\":\"ListItem\",\"position\":1,\"name\":\"Home\",\"item\":\"https:\/\/dakenenonderhoud.nl\/pl\/\"},{\"@type\":\"ListItem\",\"position\":2,\"name\":\"Co robimy\"}]},{\"@type\":\"WebSite\",\"@id\":\"https:\/\/dakenenonderhoud.nl\/pl\/#website\",\"url\":\"https:\/\/dakenenonderhoud.nl\/pl\/\",\"name\":\"Le Noble Daken en Onderhoud B.V.\",\"description\":\"\",\"potentialAction\":[{\"@type\":\"SearchAction\",\"target\":{\"@type\":\"EntryPoint\",\"urlTemplate\":\"https:\/\/dakenenonderhoud.nl\/pl\/?s={search_term_string}\"},\"query-input\":{\"@type\":\"PropertyValueSpecification\",\"valueRequired\":true,\"valueName\":\"search_term_string\"}}],\"inLanguage\":\"pl-PL\"}]}<\/script>\n<!-- \/ Yoast SEO plugin. -->","yoast_head_json":{"title":"Co robimy - Le Noble Daken en Onderhoud B.V.","description":"Mamy zr\u00f3wnowa\u017cone i op\u0142acalne rozwi\u0105zanie do przekszta\u0142cania istniej\u0105cych dach\u00f3w w solidne dachy do obs\u0142ugi paneli s\u0142onecznych.","robots":{"index":"index","follow":"follow","max-snippet":"max-snippet:-1","max-image-preview":"max-image-preview:large","max-video-preview":"max-video-preview:-1"},"canonical":"https:\/\/dakenenonderhoud.nl\/pl\/co-robimy\/","og_locale":"pl_PL","og_type":"article","og_title":"Co robimy - Le Noble Daken en Onderhoud B.V.","og_description":"Mamy zr\u00f3wnowa\u017cone i op\u0142acalne rozwi\u0105zanie do przekszta\u0142cania istniej\u0105cych dach\u00f3w w solidne dachy do obs\u0142ugi paneli s\u0142onecznych.","og_url":"https:\/\/dakenenonderhoud.nl\/pl\/co-robimy\/","og_site_name":"Le Noble Daken en Onderhoud B.V.","article_modified_time":"2023-04-26T06:01:39+00:00","twitter_card":"summary_large_image","twitter_misc":{"Szacowany czas czytania":"1 minuta"},"schema":{"@context":"https:\/\/schema.org","@graph":[{"@type":"WebPage","@id":"https:\/\/dakenenonderhoud.nl\/pl\/co-robimy\/","url":"https:\/\/dakenenonderhoud.nl\/pl\/co-robimy\/","name":"Co robimy - Le Noble Daken en Onderhoud B.V.","isPartOf":{"@id":"https:\/\/dakenenonderhoud.nl\/pl\/#website"},"datePublished":"2021-03-03T18:39:29+00:00","dateModified":"2023-04-26T06:01:39+00:00","description":"Mamy zr\u00f3wnowa\u017cone i op\u0142acalne rozwi\u0105zanie do przekszta\u0142cania istniej\u0105cych dach\u00f3w w solidne dachy do obs\u0142ugi paneli s\u0142onecznych.","breadcrumb":{"@id":"https:\/\/dakenenonderhoud.nl\/pl\/co-robimy\/#breadcrumb"},"inLanguage":"pl-PL","potentialAction":[{"@type":"ReadAction","target":["https:\/\/dakenenonderhoud.nl\/pl\/co-robimy\/"]}]},{"@type":"BreadcrumbList","@id":"https:\/\/dakenenonderhoud.nl\/pl\/co-robimy\/#breadcrumb","itemListElement":[{"@type":"ListItem","position":1,"name":"Home","item":"https:\/\/dakenenonderhoud.nl\/pl\/"},{"@type":"ListItem","position":2,"name":"Co robimy"}]},{"@type":"WebSite","@id":"https:\/\/dakenenonderhoud.nl\/pl\/#website","url":"https:\/\/dakenenonderhoud.nl\/pl\/","name":"Le Noble Daken en Onderhoud B.V.","description":"","potentialAction":[{"@type":"SearchAction","target":{"@type":"EntryPoint","urlTemplate":"https:\/\/dakenenonderhoud.nl\/pl\/?s={search_term_string}"},"query-input":{"@type":"PropertyValueSpecification","valueRequired":true,"valueName":"search_term_string"}}],"inLanguage":"pl-PL"}]}},"_links":{"self":[{"href":"https:\/\/dakenenonderhoud.nl\/pl\/wp-json\/wp\/v2\/pages\/304","targetHints":{"allow":["GET"]}}],"collection":[{"href":"https:\/\/dakenenonderhoud.nl\/pl\/wp-json\/wp\/v2\/pages"}],"about":[{"href":"https:\/\/dakenenonderhoud.nl\/pl\/wp-json\/wp\/v2\/types\/page"}],"author":[{"embeddable":true,"href":"https:\/\/dakenenonderhoud.nl\/pl\/wp-json\/wp\/v2\/users\/1"}],"replies":[{"embeddable":true,"href":"https:\/\/dakenenonderhoud.nl\/pl\/wp-json\/wp\/v2\/comments?post=304"}],"version-history":[{"count":7,"href":"https:\/\/dakenenonderhoud.nl\/pl\/wp-json\/wp\/v2\/pages\/304\/revisions"}],"predecessor-version":[{"id":375,"href":"https:\/\/dakenenonderhoud.nl\/pl\/wp-json\/wp\/v2\/pages\/304\/revisions\/375"}],"wp:attachment":[{"href":"https:\/\/dakenenonderhoud.nl\/pl\/wp-json\/wp\/v2\/media?parent=304"}],"curies":[{"name":"wp","href":"https:\/\/api.w.org\/{rel}","templated":true}]}}